{"id":17029,"date":"2024-10-14T09:08:22","date_gmt":"2024-10-14T12:08:22","guid":{"rendered":"https:\/\/www.fcv.unlp.edu.ar\/?page_id=17029"},"modified":"2025-06-27T08:24:35","modified_gmt":"2025-06-27T11:24:35","slug":"concursos-docentes-de-la-facultad","status":"publish","type":"page","link":"https:\/\/www.fcv.unlp.edu.ar\/index.php\/institucional\/concursos-docentes-de-la-facultad\/","title":{"rendered":"Concursos docentes de la Facultad"},"content":{"rendered":"\t\t<div data-elementor-type=\"wp-page\" data-elementor-id=\"17029\" class=\"elementor elementor-17029\" data-elementor-post-type=\"page\">\n\t\t\t\t\t\t<section class=\"elementor-section elementor-top-section elementor-element elementor-element-379dd98 elementor-section-boxed elementor-section-height-default elementor-section-height-default\" data-id=\"379dd98\" data-element_type=\"section\" data-e-type=\"section\">\n\t\t\t\t\t\t<div class=\"elementor-container elementor-column-gap-default\">\n\t\t\t\t\t<div class=\"elementor-column elementor-col-100 elementor-top-column elementor-element elementor-element-1077464\" data-id=\"1077464\" data-element_type=\"column\" data-e-type=\"column\">\n\t\t\t<div class=\"elementor-widget-wrap elementor-element-populated\">\n\t\t\t\t\t\t<div class=\"elementor-element elementor-element-cf6c65d contenedorTextoLink elementor-widget elementor-widget-text-editor\" data-id=\"cf6c65d\" data-element_type=\"widget\" data-e-type=\"widget\" data-widget_type=\"text-editor.default\">\n\t\t\t\t<div class=\"elementor-widget-container\">\n\t\t\t\t\t\t\t\t\t<p><span style=\"font-style: inherit; font-weight: inherit;\"><\/span><\/p>\n<p>Se encuentran publicados aqu\u00ed los temas para los concursos de los cargos de Jefe de Trabajos Pr\u00e1cticos que se llevar\u00e1 a cabo, de acuerdo a los tiempos reglamentarios. <br \/>Para solicitar informaci\u00f3n adicional o realizar consultas pueden comunicarse por correo electr\u00f3nico a\u00a0<a href=\"mailto:concursos@fcv.unlp.edu.ar\">concursos@fcv.unlp.edu.ar<\/a><\/p>\n<p><span style=\"font-style: inherit; font-weight: inherit;\"><\/span><\/p>\t\t\t\t\t\t\t\t<\/div>\n\t\t\t\t<\/div>\n\t\t\t\t\t<\/div>\n\t\t<\/div>\n\t\t\t\t\t<\/div>\n\t\t<\/section>\n\t\t<div class=\"elementor-element elementor-element-6e67d00 e-grid e-con-boxed e-con e-parent\" data-id=\"6e67d00\" data-element_type=\"container\" data-e-type=\"container\">\n\t\t\t\t\t<div class=\"e-con-inner\">\n\t\t\t\t\t<\/div>\n\t\t\t\t<\/div>\n\t\t<div class=\"elementor-element elementor-element-e5711e8 e-flex e-con-boxed e-con e-parent\" data-id=\"e5711e8\" data-element_type=\"container\" data-e-type=\"container\">\n\t\t\t\t\t<div class=\"e-con-inner\">\n\t\t\t\t<div class=\"elementor-element elementor-element-2d0e1be elementor-widget elementor-widget-spacer\" data-id=\"2d0e1be\" data-element_type=\"widget\" data-e-type=\"widget\" data-widget_type=\"spacer.default\">\n\t\t\t\t<div class=\"elementor-widget-container\">\n\t\t\t\t\t\t\t<div class=\"elementor-spacer\">\n\t\t\t<div class=\"elementor-spacer-inner\"><\/div>\n\t\t<\/div>\n\t\t\t\t\t\t<\/div>\n\t\t\t\t<\/div>\n\t\t\t\t\t<\/div>\n\t\t\t\t<\/div>\n\t\t\t\t<section class=\"elementor-section elementor-top-section elementor-element elementor-element-f31e03f elementor-section-full_width elementor-section-stretched elementor-section-height-default elementor-section-height-default\" data-id=\"f31e03f\" data-element_type=\"section\" data-e-type=\"section\" data-settings=\"{&quot;stretch_section&quot;:&quot;section-stretched&quot;,&quot;background_background&quot;:&quot;classic&quot;}\">\n\t\t\t\t\t\t<div class=\"elementor-container elementor-column-gap-default\">\n\t\t\t\t\t<div class=\"elementor-column elementor-col-100 elementor-top-column elementor-element elementor-element-d829f8b\" data-id=\"d829f8b\" data-element_type=\"column\" data-e-type=\"column\">\n\t\t\t<div class=\"elementor-widget-wrap elementor-element-populated\">\n\t\t\t\t\t\t<div class=\"elementor-element elementor-element-71f92eb elementor-widget__width-inherit separadorVioleta elementor-widget elementor-widget-heading\" data-id=\"71f92eb\" data-element_type=\"widget\" data-e-type=\"widget\" data-widget_type=\"heading.default\">\n\t\t\t\t<div class=\"elementor-widget-container\">\n\t\t\t\t\t<h2 class=\"elementor-heading-title elementor-size-default\">Noticias<\/h2>\t\t\t\t<\/div>\n\t\t\t\t<\/div>\n\t\t\t\t\t<\/div>\n\t\t<\/div>\n\t\t\t\t\t<\/div>\n\t\t<\/section>\n\t\t<div class=\"elementor-element elementor-element-385facb e-flex e-con-boxed e-con e-parent\" data-id=\"385facb\" data-element_type=\"container\" data-e-type=\"container\">\n\t\t\t\t\t<div class=\"e-con-inner\">\n\t\t\t\t<div class=\"elementor-element elementor-element-1ab817d elementor-widget elementor-widget-spacer\" data-id=\"1ab817d\" data-element_type=\"widget\" data-e-type=\"widget\" data-widget_type=\"spacer.default\">\n\t\t\t\t<div class=\"elementor-widget-container\">\n\t\t\t\t\t\t\t<div class=\"elementor-spacer\">\n\t\t\t<div class=\"elementor-spacer-inner\"><\/div>\n\t\t<\/div>\n\t\t\t\t\t\t<\/div>\n\t\t\t\t<\/div>\n\t\t\t\t\t<\/div>\n\t\t\t\t<\/div>\n\t\t\t\t<section class=\"elementor-section elementor-top-section elementor-element elementor-element-121f2aa elementor-section-boxed elementor-section-height-default elementor-section-height-default\" data-id=\"121f2aa\" data-element_type=\"section\" data-e-type=\"section\">\n\t\t\t\t\t\t<div class=\"elementor-container elementor-column-gap-default\">\n\t\t\t\t\t<div class=\"elementor-column elementor-col-100 elementor-top-column elementor-element elementor-element-343bbc2\" data-id=\"343bbc2\" data-element_type=\"column\" data-e-type=\"column\">\n\t\t\t<div class=\"elementor-widget-wrap elementor-element-populated\">\n\t\t\t\t\t\t<div class=\"elementor-element elementor-element-046d344 elementor-grid-4 boxNoticias elementor-grid-tablet-2 elementor-grid-mobile-1 elementor-posts--thumbnail-top elementor-card-shadow-yes elementor-posts__hover-gradient elementor-widget elementor-widget-posts\" data-id=\"046d344\" data-element_type=\"widget\" data-e-type=\"widget\" data-settings=\"{&quot;cards_columns&quot;:&quot;4&quot;,&quot;cards_row_gap&quot;:{&quot;unit&quot;:&quot;px&quot;,&quot;size&quot;:30,&quot;sizes&quot;:[]},&quot;cards_columns_tablet&quot;:&quot;2&quot;,&quot;cards_columns_mobile&quot;:&quot;1&quot;,&quot;cards_row_gap_laptop&quot;:{&quot;unit&quot;:&quot;px&quot;,&quot;size&quot;:&quot;&quot;,&quot;sizes&quot;:[]},&quot;cards_row_gap_tablet&quot;:{&quot;unit&quot;:&quot;px&quot;,&quot;size&quot;:&quot;&quot;,&quot;sizes&quot;:[]},&quot;cards_row_gap_mobile&quot;:{&quot;unit&quot;:&quot;px&quot;,&quot;size&quot;:&quot;&quot;,&quot;sizes&quot;:[]}}\" data-widget_type=\"posts.cards\">\n\t\t\t\t<div class=\"elementor-widget-container\">\n\t\t\t\t\t\t\t<div class=\"elementor-posts-container elementor-posts elementor-posts--skin-cards elementor-grid\" role=\"list\">\n\t\t\t\t<article class=\"elementor-post elementor-grid-item post-24037 post type-post status-publish format-standard has-post-thumbnail hentry category-doctorado-en-ciencias-veterinarias category-graduados tag-home\" role=\"listitem\">\n\t\t\t<div class=\"elementor-post__card\">\n\t\t\t\t<a class=\"elementor-post__thumbnail__link\" href=\"https:\/\/www.fcv.unlp.edu.ar\/index.php\/graduados\/defensa-de-la-tesis-doctoral-de-la-medica-veterinaria-jeanette-ivon-espil\/\" tabindex=\"-1\" ><div class=\"elementor-post__thumbnail\"><img fetchpriority=\"high\" decoding=\"async\" width=\"300\" height=\"243\" src=\"https:\/\/www.fcv.unlp.edu.ar\/wp-content\/uploads\/2026\/04\/horse-nature-generate-image-1-300x243.jpg\" class=\"attachment-medium size-medium wp-image-24038\" alt=\"\" srcset=\"https:\/\/www.fcv.unlp.edu.ar\/wp-content\/uploads\/2026\/04\/horse-nature-generate-image-1-300x243.jpg 300w, https:\/\/www.fcv.unlp.edu.ar\/wp-content\/uploads\/2026\/04\/horse-nature-generate-image-1-1024x830.jpg 1024w, https:\/\/www.fcv.unlp.edu.ar\/wp-content\/uploads\/2026\/04\/horse-nature-generate-image-1-768x623.jpg 768w, https:\/\/www.fcv.unlp.edu.ar\/wp-content\/uploads\/2026\/04\/horse-nature-generate-image-1-1536x1245.jpg 1536w, https:\/\/www.fcv.unlp.edu.ar\/wp-content\/uploads\/2026\/04\/horse-nature-generate-image-1-2048x1661.jpg 2048w\" sizes=\"(max-width: 300px) 100vw, 300px\" \/><\/div><\/a>\n\t\t\t\t<div class=\"elementor-post__badge\">Doctorado en Ciencias Veterinarias<\/div>\n\t\t\t\t<div class=\"elementor-post__text\">\n\t\t\t\t<h3 class=\"elementor-post__title\">\n\t\t\t<a href=\"https:\/\/www.fcv.unlp.edu.ar\/index.php\/graduados\/defensa-de-la-tesis-doctoral-de-la-medica-veterinaria-jeanette-ivon-espil\/\" >\n\t\t\t\tDEFENSA DE LA TESIS DOCTORAL DE LA M\u00c9DICA VETERINARIA JEANETTE IVON ESPIL\t\t\t<\/a>\n\t\t<\/h3>\n\t\t\t\t<\/div>\n\t\t\t\t\t<\/div>\n\t\t<\/article>\n\t\t\t\t<article class=\"elementor-post elementor-grid-item post-23997 post type-post status-publish format-standard has-post-thumbnail hentry category-afes category-extension tag-home\" role=\"listitem\">\n\t\t\t<div class=\"elementor-post__card\">\n\t\t\t\t<a class=\"elementor-post__thumbnail__link\" href=\"https:\/\/www.fcv.unlp.edu.ar\/index.php\/extension\/nueva-visita-del-lapahuzo-al-barrio-el-molino\/\" tabindex=\"-1\" ><div class=\"elementor-post__thumbnail\"><img decoding=\"async\" width=\"225\" height=\"300\" src=\"https:\/\/www.fcv.unlp.edu.ar\/wp-content\/uploads\/2026\/04\/Molino-26-4-225x300.jpeg\" class=\"attachment-medium size-medium wp-image-24006\" alt=\"\" srcset=\"https:\/\/www.fcv.unlp.edu.ar\/wp-content\/uploads\/2026\/04\/Molino-26-4-225x300.jpeg 225w, https:\/\/www.fcv.unlp.edu.ar\/wp-content\/uploads\/2026\/04\/Molino-26-4-768x1024.jpeg 768w, https:\/\/www.fcv.unlp.edu.ar\/wp-content\/uploads\/2026\/04\/Molino-26-4.jpeg 960w\" sizes=\"(max-width: 225px) 100vw, 225px\" \/><\/div><\/a>\n\t\t\t\t<div class=\"elementor-post__badge\">AFES<\/div>\n\t\t\t\t<div class=\"elementor-post__text\">\n\t\t\t\t<h3 class=\"elementor-post__title\">\n\t\t\t<a href=\"https:\/\/www.fcv.unlp.edu.ar\/index.php\/extension\/nueva-visita-del-lapahuzo-al-barrio-el-molino\/\" >\n\t\t\t\tATENCI\u00d3N PRIMARIA A MASCOTAS DEL BARRIO EL MOLINO DE ENSENADA\t\t\t<\/a>\n\t\t<\/h3>\n\t\t\t\t<\/div>\n\t\t\t\t\t<\/div>\n\t\t<\/article>\n\t\t\t\t<article class=\"elementor-post elementor-grid-item post-23975 post type-post status-publish format-standard has-post-thumbnail hentry category-extension tag-home\" role=\"listitem\">\n\t\t\t<div class=\"elementor-post__card\">\n\t\t\t\t<a class=\"elementor-post__thumbnail__link\" href=\"https:\/\/www.fcv.unlp.edu.ar\/index.php\/extension\/charla-estres-oxidativo-en-caballo-deportivo\/\" tabindex=\"-1\" ><div class=\"elementor-post__thumbnail\"><img decoding=\"async\" width=\"300\" height=\"201\" src=\"https:\/\/www.fcv.unlp.edu.ar\/wp-content\/uploads\/2026\/04\/caballo-de-carrera-300x201.png\" class=\"attachment-medium size-medium wp-image-23976\" alt=\"\" srcset=\"https:\/\/www.fcv.unlp.edu.ar\/wp-content\/uploads\/2026\/04\/caballo-de-carrera-300x201.png 300w, https:\/\/www.fcv.unlp.edu.ar\/wp-content\/uploads\/2026\/04\/caballo-de-carrera-768x514.png 768w, https:\/\/www.fcv.unlp.edu.ar\/wp-content\/uploads\/2026\/04\/caballo-de-carrera.png 850w\" sizes=\"(max-width: 300px) 100vw, 300px\" \/><\/div><\/a>\n\t\t\t\t<div class=\"elementor-post__badge\">Extensi\u00f3n<\/div>\n\t\t\t\t<div class=\"elementor-post__text\">\n\t\t\t\t<h3 class=\"elementor-post__title\">\n\t\t\t<a href=\"https:\/\/www.fcv.unlp.edu.ar\/index.php\/extension\/charla-estres-oxidativo-en-caballo-deportivo\/\" >\n\t\t\t\tCHARLA ESTR\u00c9S OXIDATIVO EN CABALLO DEPORTIVO\t\t\t<\/a>\n\t\t<\/h3>\n\t\t\t\t<\/div>\n\t\t\t\t\t<\/div>\n\t\t<\/article>\n\t\t\t\t<article class=\"elementor-post elementor-grid-item post-23951 post type-post status-publish format-standard has-post-thumbnail hentry category-aepg category-graduados tag-home\" role=\"listitem\">\n\t\t\t<div class=\"elementor-post__card\">\n\t\t\t\t<a class=\"elementor-post__thumbnail__link\" href=\"https:\/\/www.fcv.unlp.edu.ar\/index.php\/graduados\/curso-de-posgrado-busqueda-y-clasificacion-de-ovocitos-bovinos\/\" tabindex=\"-1\" ><div class=\"elementor-post__thumbnail\"><img loading=\"lazy\" decoding=\"async\" width=\"300\" height=\"213\" src=\"https:\/\/www.fcv.unlp.edu.ar\/wp-content\/uploads\/2024\/09\/Vaca-e-dois-bezerros-saudaveis-ao-ar-livre-mostrando-que-foi-feito-um-bom-manejo-de-maternidade-em-bovinos-de-corte-300x213.webp\" class=\"attachment-medium size-medium wp-image-16410\" alt=\"\" srcset=\"https:\/\/www.fcv.unlp.edu.ar\/wp-content\/uploads\/2024\/09\/Vaca-e-dois-bezerros-saudaveis-ao-ar-livre-mostrando-que-foi-feito-um-bom-manejo-de-maternidade-em-bovinos-de-corte-300x213.webp 300w, https:\/\/www.fcv.unlp.edu.ar\/wp-content\/uploads\/2024\/09\/Vaca-e-dois-bezerros-saudaveis-ao-ar-livre-mostrando-que-foi-feito-um-bom-manejo-de-maternidade-em-bovinos-de-corte-768x546.webp 768w, https:\/\/www.fcv.unlp.edu.ar\/wp-content\/uploads\/2024\/09\/Vaca-e-dois-bezerros-saudaveis-ao-ar-livre-mostrando-que-foi-feito-um-bom-manejo-de-maternidade-em-bovinos-de-corte.webp 1000w\" sizes=\"(max-width: 300px) 100vw, 300px\" \/><\/div><\/a>\n\t\t\t\t<div class=\"elementor-post__badge\">Actividades de Posgrado<\/div>\n\t\t\t\t<div class=\"elementor-post__text\">\n\t\t\t\t<h3 class=\"elementor-post__title\">\n\t\t\t<a href=\"https:\/\/www.fcv.unlp.edu.ar\/index.php\/graduados\/curso-de-posgrado-busqueda-y-clasificacion-de-ovocitos-bovinos\/\" >\n\t\t\t\tCURSO DE POSGRADO \u00abB\u00daSQUEDA Y CLASIFICACI\u00d3N DE OVOCITOS BOVINOS\u00bb\t\t\t<\/a>\n\t\t<\/h3>\n\t\t\t\t<\/div>\n\t\t\t\t\t<\/div>\n\t\t<\/article>\n\t\t\t\t<article class=\"elementor-post elementor-grid-item post-23949 post type-post status-publish format-standard has-post-thumbnail hentry category-aepg category-graduados tag-home\" role=\"listitem\">\n\t\t\t<div class=\"elementor-post__card\">\n\t\t\t\t<a class=\"elementor-post__thumbnail__link\" href=\"https:\/\/www.fcv.unlp.edu.ar\/index.php\/graduados\/curso-de-posgrado-cuidado-y-uso-de-animales-de-experimentacion\/\" tabindex=\"-1\" ><div class=\"elementor-post__thumbnail\"><img loading=\"lazy\" decoding=\"async\" width=\"300\" height=\"170\" src=\"https:\/\/www.fcv.unlp.edu.ar\/wp-content\/uploads\/2024\/06\/primer-plano-rata-sostenida-mano-cientifico_23-2150760588-300x170.jpg\" class=\"attachment-medium size-medium wp-image-13560\" alt=\"\" srcset=\"https:\/\/www.fcv.unlp.edu.ar\/wp-content\/uploads\/2024\/06\/primer-plano-rata-sostenida-mano-cientifico_23-2150760588-300x170.jpg 300w, https:\/\/www.fcv.unlp.edu.ar\/wp-content\/uploads\/2024\/06\/primer-plano-rata-sostenida-mano-cientifico_23-2150760588-1024x580.jpg 1024w, https:\/\/www.fcv.unlp.edu.ar\/wp-content\/uploads\/2024\/06\/primer-plano-rata-sostenida-mano-cientifico_23-2150760588-768x435.jpg 768w, https:\/\/www.fcv.unlp.edu.ar\/wp-content\/uploads\/2024\/06\/primer-plano-rata-sostenida-mano-cientifico_23-2150760588.jpg 1380w\" sizes=\"(max-width: 300px) 100vw, 300px\" \/><\/div><\/a>\n\t\t\t\t<div class=\"elementor-post__badge\">Actividades de Posgrado<\/div>\n\t\t\t\t<div class=\"elementor-post__text\">\n\t\t\t\t<h3 class=\"elementor-post__title\">\n\t\t\t<a href=\"https:\/\/www.fcv.unlp.edu.ar\/index.php\/graduados\/curso-de-posgrado-cuidado-y-uso-de-animales-de-experimentacion\/\" >\n\t\t\t\tCURSO DE POSGRADO \u00abCUIDADO Y USO DE ANIMALES DE EXPERIMENTACI\u00d3N\u00bb\t\t\t<\/a>\n\t\t<\/h3>\n\t\t\t\t<\/div>\n\t\t\t\t\t<\/div>\n\t\t<\/article>\n\t\t\t\t<article class=\"elementor-post elementor-grid-item post-23764 post type-post status-publish format-standard has-post-thumbnail hentry category-investigacion tag-home\" role=\"listitem\">\n\t\t\t<div class=\"elementor-post__card\">\n\t\t\t\t<a class=\"elementor-post__thumbnail__link\" href=\"https:\/\/www.fcv.unlp.edu.ar\/index.php\/investigacion\/investigadores-de-la-facultad-descubren-un-parasito-en-el-lago-del-bosque-del-que-no-habia-registro-hasta-hoy-en-ningun-lugar-del-mundo\/\" tabindex=\"-1\" ><div class=\"elementor-post__thumbnail\"><img loading=\"lazy\" decoding=\"async\" width=\"300\" height=\"267\" src=\"https:\/\/www.fcv.unlp.edu.ar\/wp-content\/uploads\/2026\/04\/Foto-2-microsporidios-300x267.jpg\" class=\"attachment-medium size-medium wp-image-23770\" alt=\"\" srcset=\"https:\/\/www.fcv.unlp.edu.ar\/wp-content\/uploads\/2026\/04\/Foto-2-microsporidios-300x267.jpg 300w, https:\/\/www.fcv.unlp.edu.ar\/wp-content\/uploads\/2026\/04\/Foto-2-microsporidios-1024x912.jpg 1024w, https:\/\/www.fcv.unlp.edu.ar\/wp-content\/uploads\/2026\/04\/Foto-2-microsporidios-768x684.jpg 768w, https:\/\/www.fcv.unlp.edu.ar\/wp-content\/uploads\/2026\/04\/Foto-2-microsporidios-1536x1368.jpg 1536w, https:\/\/www.fcv.unlp.edu.ar\/wp-content\/uploads\/2026\/04\/Foto-2-microsporidios-2048x1824.jpg 2048w\" sizes=\"(max-width: 300px) 100vw, 300px\" \/><\/div><\/a>\n\t\t\t\t<div class=\"elementor-post__badge\">Investigaci\u00f3n<\/div>\n\t\t\t\t<div class=\"elementor-post__text\">\n\t\t\t\t<h3 class=\"elementor-post__title\">\n\t\t\t<a href=\"https:\/\/www.fcv.unlp.edu.ar\/index.php\/investigacion\/investigadores-de-la-facultad-descubren-un-parasito-en-el-lago-del-bosque-del-que-no-habia-registro-hasta-hoy-en-ningun-lugar-del-mundo\/\" >\n\t\t\t\tINVESTIGADORES DE LA FACULTAD DESCUBREN UN PAR\u00c1SITO EN EL LAGO DEL BOSQUE DEL QUE NO HAB\u00cdA REGISTRO HASTA HOY EN NING\u00daN LUGAR DEL MUNDO\t\t\t<\/a>\n\t\t<\/h3>\n\t\t\t\t<\/div>\n\t\t\t\t\t<\/div>\n\t\t<\/article>\n\t\t\t\t<article class=\"elementor-post elementor-grid-item post-23556 post type-post status-publish format-standard has-post-thumbnail hentry category-cursos-obligatorios category-graduados tag-home\" role=\"listitem\">\n\t\t\t<div class=\"elementor-post__card\">\n\t\t\t\t<a class=\"elementor-post__thumbnail__link\" href=\"https:\/\/www.fcv.unlp.edu.ar\/index.php\/graduados\/curso-de-introduccion-a-la-epistemologia\/\" tabindex=\"-1\" ><div class=\"elementor-post__thumbnail\"><img loading=\"lazy\" decoding=\"async\" width=\"300\" height=\"199\" src=\"https:\/\/www.fcv.unlp.edu.ar\/wp-content\/uploads\/2024\/03\/4-300x199.jpg\" class=\"attachment-medium size-medium wp-image-7923\" alt=\"\" srcset=\"https:\/\/www.fcv.unlp.edu.ar\/wp-content\/uploads\/2024\/03\/4-300x199.jpg 300w, https:\/\/www.fcv.unlp.edu.ar\/wp-content\/uploads\/2024\/03\/4.jpg 626w\" sizes=\"(max-width: 300px) 100vw, 300px\" \/><\/div><\/a>\n\t\t\t\t<div class=\"elementor-post__badge\">Cursos obligatorios<\/div>\n\t\t\t\t<div class=\"elementor-post__text\">\n\t\t\t\t<h3 class=\"elementor-post__title\">\n\t\t\t<a href=\"https:\/\/www.fcv.unlp.edu.ar\/index.php\/graduados\/curso-de-introduccion-a-la-epistemologia\/\" >\n\t\t\t\tCURSO DE INTRODUCCI\u00d3N A LA EPISTEMOLOG\u00cdA\t\t\t<\/a>\n\t\t<\/h3>\n\t\t\t\t<\/div>\n\t\t\t\t\t<\/div>\n\t\t<\/article>\n\t\t\t\t<article class=\"elementor-post elementor-grid-item post-23476 post type-post status-publish format-standard has-post-thumbnail hentry category-aepg category-graduados tag-home\" role=\"listitem\">\n\t\t\t<div class=\"elementor-post__card\">\n\t\t\t\t<a class=\"elementor-post__thumbnail__link\" href=\"https:\/\/www.fcv.unlp.edu.ar\/index.php\/graduados\/curso-de-actualizacion-capacitacion-y-perfeccionamiento-en-diagnostico-y-manejo-parasitologico-de-rumiantes-3\/\" tabindex=\"-1\" ><div class=\"elementor-post__thumbnail\"><img loading=\"lazy\" decoding=\"async\" width=\"300\" height=\"300\" src=\"https:\/\/www.fcv.unlp.edu.ar\/wp-content\/uploads\/2026\/03\/head-black-white-cow-blue-sky-300x300.jpg\" class=\"attachment-medium size-medium wp-image-23477\" alt=\"\" srcset=\"https:\/\/www.fcv.unlp.edu.ar\/wp-content\/uploads\/2026\/03\/head-black-white-cow-blue-sky-300x300.jpg 300w, https:\/\/www.fcv.unlp.edu.ar\/wp-content\/uploads\/2026\/03\/head-black-white-cow-blue-sky-1024x1024.jpg 1024w, https:\/\/www.fcv.unlp.edu.ar\/wp-content\/uploads\/2026\/03\/head-black-white-cow-blue-sky-150x150.jpg 150w, https:\/\/www.fcv.unlp.edu.ar\/wp-content\/uploads\/2026\/03\/head-black-white-cow-blue-sky-768x768.jpg 768w, https:\/\/www.fcv.unlp.edu.ar\/wp-content\/uploads\/2026\/03\/head-black-white-cow-blue-sky-1536x1536.jpg 1536w, https:\/\/www.fcv.unlp.edu.ar\/wp-content\/uploads\/2026\/03\/head-black-white-cow-blue-sky-2048x2048.jpg 2048w\" sizes=\"(max-width: 300px) 100vw, 300px\" \/><\/div><\/a>\n\t\t\t\t<div class=\"elementor-post__badge\">Actividades de Posgrado<\/div>\n\t\t\t\t<div class=\"elementor-post__text\">\n\t\t\t\t<h3 class=\"elementor-post__title\">\n\t\t\t<a href=\"https:\/\/www.fcv.unlp.edu.ar\/index.php\/graduados\/curso-de-actualizacion-capacitacion-y-perfeccionamiento-en-diagnostico-y-manejo-parasitologico-de-rumiantes-3\/\" >\n\t\t\t\tCURSO DE ACTUALIZACI\u00d3N, CAPACITACI\u00d3N Y PERFECCIONAMIENTO EN DIAGN\u00d3STICO Y MANEJO PARASITOL\u00d3GICO DE RUMIANTES\t\t\t<\/a>\n\t\t<\/h3>\n\t\t\t\t<\/div>\n\t\t\t\t\t<\/div>\n\t\t<\/article>\n\t\t\t\t<\/div>\n\t\t\n\t\t\t\t\t\t<\/div>\n\t\t\t\t<\/div>\n\t\t\t\t<div class=\"elementor-element elementor-element-b5c96f0 elementor-widget elementor-widget-spacer\" data-id=\"b5c96f0\" data-element_type=\"widget\" data-e-type=\"widget\" data-widget_type=\"spacer.default\">\n\t\t\t\t<div class=\"elementor-widget-container\">\n\t\t\t\t\t\t\t<div class=\"elementor-spacer\">\n\t\t\t<div class=\"elementor-spacer-inner\"><\/div>\n\t\t<\/div>\n\t\t\t\t\t\t<\/div>\n\t\t\t\t<\/div>\n\t\t\t\t\t<\/div>\n\t\t<\/div>\n\t\t\t\t\t<\/div>\n\t\t<\/section>\n\t\t\t\t<\/div>\n\t\t","protected":false},"excerpt":{"rendered":"<p>Se encuentran publicados aqu\u00ed los temas para los concursos de los cargos de Jefe de Trabajos Pr\u00e1cticos que se llevar\u00e1 a cabo, de acuerdo a los tiempos reglamentarios. Para solicitar informaci\u00f3n adicional o realizar consultas pueden comunicarse por correo electr\u00f3nico a\u00a0concursos@fcv.unlp.edu.ar Noticias<\/p>\n","protected":false},"author":5,"featured_media":0,"parent":857,"menu_order":0,"comment_status":"closed","ping_status":"closed","template":"","meta":{"elearning_container_layout":"tg-site-layout--default","elearning_sidebar_layout":"tg-site-layout--default","elearning_remove_content_margin":false,"elearning_sidebar":"default","elearning_transparent_header":"customizer","elearning_logo":0,"elearning_header_style":"default","elearning_menu_item_color":"","elearning_menu_item_hover_color":"","elearning_menu_item_active_color":"","elearning_menu_item_active_style":"","elearning_page_header":true,"_themeisle_gutenberg_block_has_review":false,"footnotes":""},"class_list":["post-17029","page","type-page","status-publish","hentry"],"publishpress_future_action":{"enabled":false,"date":"2026-05-01 11:11:31","action":"change-status","newStatus":"draft","terms":[],"taxonomy":"","extraData":[]},"publishpress_future_workflow_manual_trigger":{"enabledWorkflows":[]},"_links":{"self":[{"href":"https:\/\/www.fcv.unlp.edu.ar\/index.php\/wp-json\/wp\/v2\/pages\/17029","targetHints":{"allow":["GET"]}}],"collection":[{"href":"https:\/\/www.fcv.unlp.edu.ar\/index.php\/wp-json\/wp\/v2\/pages"}],"about":[{"href":"https:\/\/www.fcv.unlp.edu.ar\/index.php\/wp-json\/wp\/v2\/types\/page"}],"author":[{"embeddable":true,"href":"https:\/\/www.fcv.unlp.edu.ar\/index.php\/wp-json\/wp\/v2\/users\/5"}],"replies":[{"embeddable":true,"href":"https:\/\/www.fcv.unlp.edu.ar\/index.php\/wp-json\/wp\/v2\/comments?post=17029"}],"version-history":[{"count":54,"href":"https:\/\/www.fcv.unlp.edu.ar\/index.php\/wp-json\/wp\/v2\/pages\/17029\/revisions"}],"predecessor-version":[{"id":19729,"href":"https:\/\/www.fcv.unlp.edu.ar\/index.php\/wp-json\/wp\/v2\/pages\/17029\/revisions\/19729"}],"up":[{"embeddable":true,"href":"https:\/\/www.fcv.unlp.edu.ar\/index.php\/wp-json\/wp\/v2\/pages\/857"}],"wp:attachment":[{"href":"https:\/\/www.fcv.unlp.edu.ar\/index.php\/wp-json\/wp\/v2\/media?parent=17029"}],"curies":[{"name":"wp","href":"https:\/\/api.w.org\/{rel}","templated":true}]}}