{"id":16798,"date":"2024-10-07T11:01:32","date_gmt":"2024-10-07T14:01:32","guid":{"rendered":"https:\/\/www.fcv.unlp.edu.ar\/?page_id=16798"},"modified":"2024-10-07T11:40:03","modified_gmt":"2024-10-07T14:40:03","slug":"compras-y-licitaciones","status":"publish","type":"page","link":"https:\/\/www.fcv.unlp.edu.ar\/index.php\/compras-y-licitaciones\/","title":{"rendered":"Compras y Licitaciones"},"content":{"rendered":"\t\t<div data-elementor-type=\"wp-page\" data-elementor-id=\"16798\" class=\"elementor elementor-16798\" data-elementor-post-type=\"page\">\n\t\t\t\t\t\t<section class=\"elementor-section elementor-top-section elementor-element elementor-element-379dd98 elementor-section-boxed elementor-section-height-default elementor-section-height-default\" data-id=\"379dd98\" data-element_type=\"section\" data-e-type=\"section\">\n\t\t\t\t\t\t<div class=\"elementor-container elementor-column-gap-default\">\n\t\t\t\t\t<div class=\"elementor-column elementor-col-100 elementor-top-column elementor-element elementor-element-1077464\" data-id=\"1077464\" data-element_type=\"column\" data-e-type=\"column\">\n\t\t\t<div class=\"elementor-widget-wrap elementor-element-populated\">\n\t\t\t\t\t\t<div class=\"elementor-element elementor-element-cf6c65d elementor-widget elementor-widget-text-editor\" data-id=\"cf6c65d\" data-element_type=\"widget\" data-e-type=\"widget\" data-widget_type=\"text-editor.default\">\n\t\t\t\t<div class=\"elementor-widget-container\">\n\t\t\t\t\t\t\t\t\t<p>En esta p\u00e1gina se publican los pliegos y licitaciones que efect\u00faa la Facultad durante el per\u00edodo de vigencia.<\/p>\t\t\t\t\t\t\t\t<\/div>\n\t\t\t\t<\/div>\n\t\t\t\t\t<\/div>\n\t\t<\/div>\n\t\t\t\t\t<\/div>\n\t\t<\/section>\n\t\t<div class=\"elementor-element elementor-element-6e67d00 e-flex e-con-boxed e-con e-parent\" data-id=\"6e67d00\" data-element_type=\"container\" data-e-type=\"container\">\n\t\t\t\t\t<div class=\"e-con-inner\">\n\t\t\t\t\t<\/div>\n\t\t\t\t<\/div>\n\t\t<div class=\"elementor-element elementor-element-e5711e8 e-flex e-con-boxed e-con e-parent\" data-id=\"e5711e8\" data-element_type=\"container\" data-e-type=\"container\">\n\t\t\t\t\t<div class=\"e-con-inner\">\n\t\t\t\t<div class=\"elementor-element elementor-element-2d0e1be elementor-widget elementor-widget-spacer\" data-id=\"2d0e1be\" data-element_type=\"widget\" data-e-type=\"widget\" data-widget_type=\"spacer.default\">\n\t\t\t\t<div class=\"elementor-widget-container\">\n\t\t\t\t\t\t\t<div class=\"elementor-spacer\">\n\t\t\t<div class=\"elementor-spacer-inner\"><\/div>\n\t\t<\/div>\n\t\t\t\t\t\t<\/div>\n\t\t\t\t<\/div>\n\t\t\t\t\t<\/div>\n\t\t\t\t<\/div>\n\t\t\t\t<section class=\"elementor-section elementor-top-section elementor-element elementor-element-f31e03f elementor-section-full_width elementor-section-stretched elementor-section-height-default elementor-section-height-default\" data-id=\"f31e03f\" data-element_type=\"section\" data-e-type=\"section\" data-settings=\"{&quot;stretch_section&quot;:&quot;section-stretched&quot;,&quot;background_background&quot;:&quot;classic&quot;}\">\n\t\t\t\t\t\t<div class=\"elementor-container elementor-column-gap-default\">\n\t\t\t\t\t<div class=\"elementor-column elementor-col-100 elementor-top-column elementor-element elementor-element-d829f8b\" data-id=\"d829f8b\" data-element_type=\"column\" data-e-type=\"column\">\n\t\t\t<div class=\"elementor-widget-wrap elementor-element-populated\">\n\t\t\t\t\t\t<div class=\"elementor-element elementor-element-71f92eb elementor-widget__width-inherit separadorVioleta elementor-widget elementor-widget-heading\" data-id=\"71f92eb\" data-element_type=\"widget\" data-e-type=\"widget\" data-widget_type=\"heading.default\">\n\t\t\t\t<div class=\"elementor-widget-container\">\n\t\t\t\t\t<h2 class=\"elementor-heading-title elementor-size-default\">Noticias<\/h2>\t\t\t\t<\/div>\n\t\t\t\t<\/div>\n\t\t\t\t\t<\/div>\n\t\t<\/div>\n\t\t\t\t\t<\/div>\n\t\t<\/section>\n\t\t<div class=\"elementor-element elementor-element-385facb e-flex e-con-boxed e-con e-parent\" data-id=\"385facb\" data-element_type=\"container\" data-e-type=\"container\">\n\t\t\t\t\t<div class=\"e-con-inner\">\n\t\t\t\t<div class=\"elementor-element elementor-element-1ab817d elementor-widget elementor-widget-spacer\" data-id=\"1ab817d\" data-element_type=\"widget\" data-e-type=\"widget\" data-widget_type=\"spacer.default\">\n\t\t\t\t<div class=\"elementor-widget-container\">\n\t\t\t\t\t\t\t<div class=\"elementor-spacer\">\n\t\t\t<div class=\"elementor-spacer-inner\"><\/div>\n\t\t<\/div>\n\t\t\t\t\t\t<\/div>\n\t\t\t\t<\/div>\n\t\t\t\t\t<\/div>\n\t\t\t\t<\/div>\n\t\t\t\t<section class=\"elementor-section elementor-top-section elementor-element elementor-element-121f2aa elementor-section-boxed elementor-section-height-default elementor-section-height-default\" data-id=\"121f2aa\" data-element_type=\"section\" data-e-type=\"section\">\n\t\t\t\t\t\t<div class=\"elementor-container elementor-column-gap-default\">\n\t\t\t\t\t<div class=\"elementor-column elementor-col-100 elementor-top-column elementor-element elementor-element-343bbc2\" data-id=\"343bbc2\" data-element_type=\"column\" data-e-type=\"column\">\n\t\t\t<div class=\"elementor-widget-wrap elementor-element-populated\">\n\t\t\t\t\t\t<div class=\"elementor-element elementor-element-046d344 elementor-grid-4 boxNoticias elementor-grid-tablet-2 elementor-grid-mobile-1 elementor-posts--thumbnail-top elementor-card-shadow-yes elementor-posts__hover-gradient elementor-widget elementor-widget-posts\" data-id=\"046d344\" data-element_type=\"widget\" data-e-type=\"widget\" data-settings=\"{&quot;cards_columns&quot;:&quot;4&quot;,&quot;cards_row_gap&quot;:{&quot;unit&quot;:&quot;px&quot;,&quot;size&quot;:30,&quot;sizes&quot;:[]},&quot;cards_columns_tablet&quot;:&quot;2&quot;,&quot;cards_columns_mobile&quot;:&quot;1&quot;,&quot;cards_row_gap_laptop&quot;:{&quot;unit&quot;:&quot;px&quot;,&quot;size&quot;:&quot;&quot;,&quot;sizes&quot;:[]},&quot;cards_row_gap_tablet&quot;:{&quot;unit&quot;:&quot;px&quot;,&quot;size&quot;:&quot;&quot;,&quot;sizes&quot;:[]},&quot;cards_row_gap_mobile&quot;:{&quot;unit&quot;:&quot;px&quot;,&quot;size&quot;:&quot;&quot;,&quot;sizes&quot;:[]}}\" data-widget_type=\"posts.cards\">\n\t\t\t\t<div class=\"elementor-widget-container\">\n\t\t\t\t\t\t\t<div class=\"elementor-posts-container elementor-posts elementor-posts--skin-cards elementor-grid\" role=\"list\">\n\t\t\t\t<article class=\"elementor-post elementor-grid-item post-24177 post type-post status-publish format-standard has-post-thumbnail hentry category-doctorado-en-ciencias-veterinarias category-graduados tag-home\" role=\"listitem\">\n\t\t\t<div class=\"elementor-post__card\">\n\t\t\t\t<a class=\"elementor-post__thumbnail__link\" href=\"https:\/\/www.fcv.unlp.edu.ar\/index.php\/graduados\/defensa-de-tesis-doctoral-de-la-medica-veterinaria-camila-lapuente-romero\/\" tabindex=\"-1\" ><div class=\"elementor-post__thumbnail\"><img fetchpriority=\"high\" decoding=\"async\" width=\"300\" height=\"200\" src=\"https:\/\/www.fcv.unlp.edu.ar\/wp-content\/uploads\/2026\/04\/cat-being-messy-naughty-300x200.jpg\" class=\"attachment-medium size-medium wp-image-24178\" alt=\"\" srcset=\"https:\/\/www.fcv.unlp.edu.ar\/wp-content\/uploads\/2026\/04\/cat-being-messy-naughty-300x200.jpg 300w, https:\/\/www.fcv.unlp.edu.ar\/wp-content\/uploads\/2026\/04\/cat-being-messy-naughty-1024x681.jpg 1024w, https:\/\/www.fcv.unlp.edu.ar\/wp-content\/uploads\/2026\/04\/cat-being-messy-naughty-768x511.jpg 768w, https:\/\/www.fcv.unlp.edu.ar\/wp-content\/uploads\/2026\/04\/cat-being-messy-naughty-1536x1022.jpg 1536w\" sizes=\"(max-width: 300px) 100vw, 300px\" \/><\/div><\/a>\n\t\t\t\t<div class=\"elementor-post__badge\">Doctorado en Ciencias Veterinarias<\/div>\n\t\t\t\t<div class=\"elementor-post__text\">\n\t\t\t\t<h3 class=\"elementor-post__title\">\n\t\t\t<a href=\"https:\/\/www.fcv.unlp.edu.ar\/index.php\/graduados\/defensa-de-tesis-doctoral-de-la-medica-veterinaria-camila-lapuente-romero\/\" >\n\t\t\t\tDEFENSA DE TESIS DOCTORAL DE LA M\u00c9DICA VETERINARIA CAMILA LAPUENTE ROMERO\t\t\t<\/a>\n\t\t<\/h3>\n\t\t\t\t<\/div>\n\t\t\t\t\t<\/div>\n\t\t<\/article>\n\t\t\t\t<article class=\"elementor-post elementor-grid-item post-24146 post type-post status-publish format-standard has-post-thumbnail hentry category-aepg category-graduados tag-home\" role=\"listitem\">\n\t\t\t<div class=\"elementor-post__card\">\n\t\t\t\t<a class=\"elementor-post__thumbnail__link\" href=\"https:\/\/www.fcv.unlp.edu.ar\/index.php\/graduados\/taller-diagnostico-microscopico-serologico-y-molecular-de-hemopatogenos-en-caninos-y-felinos\/\" tabindex=\"-1\" ><div class=\"elementor-post__thumbnail\"><img decoding=\"async\" width=\"300\" height=\"233\" src=\"https:\/\/www.fcv.unlp.edu.ar\/wp-content\/uploads\/2026\/04\/Microfilaria-Taller-2026-300x233.jpg\" class=\"attachment-medium size-medium wp-image-24149\" alt=\"\" srcset=\"https:\/\/www.fcv.unlp.edu.ar\/wp-content\/uploads\/2026\/04\/Microfilaria-Taller-2026-300x233.jpg 300w, https:\/\/www.fcv.unlp.edu.ar\/wp-content\/uploads\/2026\/04\/Microfilaria-Taller-2026-1024x796.jpg 1024w, https:\/\/www.fcv.unlp.edu.ar\/wp-content\/uploads\/2026\/04\/Microfilaria-Taller-2026-768x597.jpg 768w, https:\/\/www.fcv.unlp.edu.ar\/wp-content\/uploads\/2026\/04\/Microfilaria-Taller-2026-1536x1194.jpg 1536w, https:\/\/www.fcv.unlp.edu.ar\/wp-content\/uploads\/2026\/04\/Microfilaria-Taller-2026-2048x1592.jpg 2048w\" sizes=\"(max-width: 300px) 100vw, 300px\" \/><\/div><\/a>\n\t\t\t\t<div class=\"elementor-post__badge\">Actividades de Posgrado<\/div>\n\t\t\t\t<div class=\"elementor-post__text\">\n\t\t\t\t<h3 class=\"elementor-post__title\">\n\t\t\t<a href=\"https:\/\/www.fcv.unlp.edu.ar\/index.php\/graduados\/taller-diagnostico-microscopico-serologico-y-molecular-de-hemopatogenos-en-caninos-y-felinos\/\" >\n\t\t\t\tTALLER \u201cDIAGN\u00d3STICO MICROSC\u00d3PICO, SEROL\u00d3GICO Y MOLECULAR DE HEMOPAT\u00d3GENOS EN CANINOS Y FELINOS\u201d\t\t\t<\/a>\n\t\t<\/h3>\n\t\t\t\t<\/div>\n\t\t\t\t\t<\/div>\n\t\t<\/article>\n\t\t\t\t<article class=\"elementor-post elementor-grid-item post-20673 post type-post status-publish format-standard has-post-thumbnail hentry category-aepg category-graduados tag-home\" role=\"listitem\">\n\t\t\t<div class=\"elementor-post__card\">\n\t\t\t\t<a class=\"elementor-post__thumbnail__link\" href=\"https:\/\/www.fcv.unlp.edu.ar\/index.php\/graduados\/taller-el-enigma-de-la-boca-del-gato-odontologia-veterinaria\/\" tabindex=\"-1\" ><div class=\"elementor-post__thumbnail\"><img decoding=\"async\" width=\"300\" height=\"200\" src=\"https:\/\/www.fcv.unlp.edu.ar\/wp-content\/uploads\/2025\/09\/primer-plano-de-un-lindo-gatito-domestico-bostezando-y-mostrando-sus-dientes-y-lengua-300x200.jpg\" class=\"attachment-medium size-medium wp-image-20674\" alt=\"\" srcset=\"https:\/\/www.fcv.unlp.edu.ar\/wp-content\/uploads\/2025\/09\/primer-plano-de-un-lindo-gatito-domestico-bostezando-y-mostrando-sus-dientes-y-lengua-300x200.jpg 300w, https:\/\/www.fcv.unlp.edu.ar\/wp-content\/uploads\/2025\/09\/primer-plano-de-un-lindo-gatito-domestico-bostezando-y-mostrando-sus-dientes-y-lengua-1024x683.jpg 1024w, https:\/\/www.fcv.unlp.edu.ar\/wp-content\/uploads\/2025\/09\/primer-plano-de-un-lindo-gatito-domestico-bostezando-y-mostrando-sus-dientes-y-lengua-768x512.jpg 768w, https:\/\/www.fcv.unlp.edu.ar\/wp-content\/uploads\/2025\/09\/primer-plano-de-un-lindo-gatito-domestico-bostezando-y-mostrando-sus-dientes-y-lengua-1536x1024.jpg 1536w, https:\/\/www.fcv.unlp.edu.ar\/wp-content\/uploads\/2025\/09\/primer-plano-de-un-lindo-gatito-domestico-bostezando-y-mostrando-sus-dientes-y-lengua-2048x1365.jpg 2048w\" sizes=\"(max-width: 300px) 100vw, 300px\" \/><\/div><\/a>\n\t\t\t\t<div class=\"elementor-post__badge\">Actividades de Posgrado<\/div>\n\t\t\t\t<div class=\"elementor-post__text\">\n\t\t\t\t<h3 class=\"elementor-post__title\">\n\t\t\t<a href=\"https:\/\/www.fcv.unlp.edu.ar\/index.php\/graduados\/taller-el-enigma-de-la-boca-del-gato-odontologia-veterinaria\/\" >\n\t\t\t\tTALLER \u00abEL ENIGMA EN LA BOCA DE LOS GATOS\u00bb\t\t\t<\/a>\n\t\t<\/h3>\n\t\t\t\t<\/div>\n\t\t\t\t\t<\/div>\n\t\t<\/article>\n\t\t\t\t<article class=\"elementor-post elementor-grid-item post-24124 post type-post status-publish format-standard has-post-thumbnail hentry category-doctorado-en-ciencias-veterinarias category-graduados tag-home\" role=\"listitem\">\n\t\t\t<div class=\"elementor-post__card\">\n\t\t\t\t<a class=\"elementor-post__thumbnail__link\" href=\"https:\/\/www.fcv.unlp.edu.ar\/index.php\/graduados\/defensa-de-tesis-doctoral-del-medico-veterinario-y-magister-santiago-capalbo\/\" tabindex=\"-1\" ><div class=\"elementor-post__thumbnail\"><img loading=\"lazy\" decoding=\"async\" width=\"300\" height=\"158\" src=\"https:\/\/www.fcv.unlp.edu.ar\/wp-content\/uploads\/2026\/04\/aurora-nutricion-animal-cerda-lactancia-300x158.jpg\" class=\"attachment-medium size-medium wp-image-24118\" alt=\"\" srcset=\"https:\/\/www.fcv.unlp.edu.ar\/wp-content\/uploads\/2026\/04\/aurora-nutricion-animal-cerda-lactancia-300x158.jpg 300w, https:\/\/www.fcv.unlp.edu.ar\/wp-content\/uploads\/2026\/04\/aurora-nutricion-animal-cerda-lactancia-1024x538.jpg 1024w, https:\/\/www.fcv.unlp.edu.ar\/wp-content\/uploads\/2026\/04\/aurora-nutricion-animal-cerda-lactancia-768x403.jpg 768w, https:\/\/www.fcv.unlp.edu.ar\/wp-content\/uploads\/2026\/04\/aurora-nutricion-animal-cerda-lactancia.jpg 1200w\" sizes=\"(max-width: 300px) 100vw, 300px\" \/><\/div><\/a>\n\t\t\t\t<div class=\"elementor-post__badge\">Doctorado en Ciencias Veterinarias<\/div>\n\t\t\t\t<div class=\"elementor-post__text\">\n\t\t\t\t<h3 class=\"elementor-post__title\">\n\t\t\t<a href=\"https:\/\/www.fcv.unlp.edu.ar\/index.php\/graduados\/defensa-de-tesis-doctoral-del-medico-veterinario-y-magister-santiago-capalbo\/\" >\n\t\t\t\tDEFENSA DE TESIS DOCTORAL DEL M\u00c9DICO VETERINARIO Y MAGISTER SANTIAGO CAPALBO\t\t\t<\/a>\n\t\t<\/h3>\n\t\t\t\t<\/div>\n\t\t\t\t\t<\/div>\n\t\t<\/article>\n\t\t\t\t<article class=\"elementor-post elementor-grid-item post-23975 post type-post status-publish format-standard has-post-thumbnail hentry category-extension tag-home\" role=\"listitem\">\n\t\t\t<div class=\"elementor-post__card\">\n\t\t\t\t<a class=\"elementor-post__thumbnail__link\" href=\"https:\/\/www.fcv.unlp.edu.ar\/index.php\/extension\/charla-estres-oxidativo-en-caballo-deportivo\/\" tabindex=\"-1\" ><div class=\"elementor-post__thumbnail\"><img loading=\"lazy\" decoding=\"async\" width=\"300\" height=\"201\" src=\"https:\/\/www.fcv.unlp.edu.ar\/wp-content\/uploads\/2026\/04\/caballo-de-carrera-300x201.png\" class=\"attachment-medium size-medium wp-image-23976\" alt=\"\" srcset=\"https:\/\/www.fcv.unlp.edu.ar\/wp-content\/uploads\/2026\/04\/caballo-de-carrera-300x201.png 300w, https:\/\/www.fcv.unlp.edu.ar\/wp-content\/uploads\/2026\/04\/caballo-de-carrera-768x514.png 768w, https:\/\/www.fcv.unlp.edu.ar\/wp-content\/uploads\/2026\/04\/caballo-de-carrera.png 850w\" sizes=\"(max-width: 300px) 100vw, 300px\" \/><\/div><\/a>\n\t\t\t\t<div class=\"elementor-post__badge\">Extensi\u00f3n<\/div>\n\t\t\t\t<div class=\"elementor-post__text\">\n\t\t\t\t<h3 class=\"elementor-post__title\">\n\t\t\t<a href=\"https:\/\/www.fcv.unlp.edu.ar\/index.php\/extension\/charla-estres-oxidativo-en-caballo-deportivo\/\" >\n\t\t\t\tCHARLA ESTR\u00c9S OXIDATIVO EN CABALLO DEPORTIVO\t\t\t<\/a>\n\t\t<\/h3>\n\t\t\t\t<\/div>\n\t\t\t\t\t<\/div>\n\t\t<\/article>\n\t\t\t\t<article class=\"elementor-post elementor-grid-item post-23951 post type-post status-publish format-standard has-post-thumbnail hentry category-aepg category-graduados tag-home\" role=\"listitem\">\n\t\t\t<div class=\"elementor-post__card\">\n\t\t\t\t<a class=\"elementor-post__thumbnail__link\" href=\"https:\/\/www.fcv.unlp.edu.ar\/index.php\/graduados\/curso-de-posgrado-busqueda-y-clasificacion-de-ovocitos-bovinos\/\" tabindex=\"-1\" ><div class=\"elementor-post__thumbnail\"><img loading=\"lazy\" decoding=\"async\" width=\"300\" height=\"213\" src=\"https:\/\/www.fcv.unlp.edu.ar\/wp-content\/uploads\/2024\/09\/Vaca-e-dois-bezerros-saudaveis-ao-ar-livre-mostrando-que-foi-feito-um-bom-manejo-de-maternidade-em-bovinos-de-corte-300x213.webp\" class=\"attachment-medium size-medium wp-image-16410\" alt=\"\" srcset=\"https:\/\/www.fcv.unlp.edu.ar\/wp-content\/uploads\/2024\/09\/Vaca-e-dois-bezerros-saudaveis-ao-ar-livre-mostrando-que-foi-feito-um-bom-manejo-de-maternidade-em-bovinos-de-corte-300x213.webp 300w, https:\/\/www.fcv.unlp.edu.ar\/wp-content\/uploads\/2024\/09\/Vaca-e-dois-bezerros-saudaveis-ao-ar-livre-mostrando-que-foi-feito-um-bom-manejo-de-maternidade-em-bovinos-de-corte-768x546.webp 768w, https:\/\/www.fcv.unlp.edu.ar\/wp-content\/uploads\/2024\/09\/Vaca-e-dois-bezerros-saudaveis-ao-ar-livre-mostrando-que-foi-feito-um-bom-manejo-de-maternidade-em-bovinos-de-corte.webp 1000w\" sizes=\"(max-width: 300px) 100vw, 300px\" \/><\/div><\/a>\n\t\t\t\t<div class=\"elementor-post__badge\">Actividades de Posgrado<\/div>\n\t\t\t\t<div class=\"elementor-post__text\">\n\t\t\t\t<h3 class=\"elementor-post__title\">\n\t\t\t<a href=\"https:\/\/www.fcv.unlp.edu.ar\/index.php\/graduados\/curso-de-posgrado-busqueda-y-clasificacion-de-ovocitos-bovinos\/\" >\n\t\t\t\tCURSO DE POSGRADO \u00abB\u00daSQUEDA Y CLASIFICACI\u00d3N DE OVOCITOS BOVINOS\u00bb\t\t\t<\/a>\n\t\t<\/h3>\n\t\t\t\t<\/div>\n\t\t\t\t\t<\/div>\n\t\t<\/article>\n\t\t\t\t<article class=\"elementor-post elementor-grid-item post-23949 post type-post status-publish format-standard has-post-thumbnail hentry category-aepg category-graduados tag-home\" role=\"listitem\">\n\t\t\t<div class=\"elementor-post__card\">\n\t\t\t\t<a class=\"elementor-post__thumbnail__link\" href=\"https:\/\/www.fcv.unlp.edu.ar\/index.php\/graduados\/curso-de-posgrado-cuidado-y-uso-de-animales-de-experimentacion\/\" tabindex=\"-1\" ><div class=\"elementor-post__thumbnail\"><img loading=\"lazy\" decoding=\"async\" width=\"300\" height=\"170\" src=\"https:\/\/www.fcv.unlp.edu.ar\/wp-content\/uploads\/2024\/06\/primer-plano-rata-sostenida-mano-cientifico_23-2150760588-300x170.jpg\" class=\"attachment-medium size-medium wp-image-13560\" alt=\"\" srcset=\"https:\/\/www.fcv.unlp.edu.ar\/wp-content\/uploads\/2024\/06\/primer-plano-rata-sostenida-mano-cientifico_23-2150760588-300x170.jpg 300w, https:\/\/www.fcv.unlp.edu.ar\/wp-content\/uploads\/2024\/06\/primer-plano-rata-sostenida-mano-cientifico_23-2150760588-1024x580.jpg 1024w, https:\/\/www.fcv.unlp.edu.ar\/wp-content\/uploads\/2024\/06\/primer-plano-rata-sostenida-mano-cientifico_23-2150760588-768x435.jpg 768w, https:\/\/www.fcv.unlp.edu.ar\/wp-content\/uploads\/2024\/06\/primer-plano-rata-sostenida-mano-cientifico_23-2150760588.jpg 1380w\" sizes=\"(max-width: 300px) 100vw, 300px\" \/><\/div><\/a>\n\t\t\t\t<div class=\"elementor-post__badge\">Actividades de Posgrado<\/div>\n\t\t\t\t<div class=\"elementor-post__text\">\n\t\t\t\t<h3 class=\"elementor-post__title\">\n\t\t\t<a href=\"https:\/\/www.fcv.unlp.edu.ar\/index.php\/graduados\/curso-de-posgrado-cuidado-y-uso-de-animales-de-experimentacion\/\" >\n\t\t\t\tCURSO DE POSGRADO \u00abCUIDADO Y USO DE ANIMALES DE EXPERIMENTACI\u00d3N\u00bb\t\t\t<\/a>\n\t\t<\/h3>\n\t\t\t\t<\/div>\n\t\t\t\t\t<\/div>\n\t\t<\/article>\n\t\t\t\t<article class=\"elementor-post elementor-grid-item post-23476 post type-post status-publish format-standard has-post-thumbnail hentry category-aepg category-graduados tag-home\" role=\"listitem\">\n\t\t\t<div class=\"elementor-post__card\">\n\t\t\t\t<a class=\"elementor-post__thumbnail__link\" href=\"https:\/\/www.fcv.unlp.edu.ar\/index.php\/graduados\/curso-de-actualizacion-capacitacion-y-perfeccionamiento-en-diagnostico-y-manejo-parasitologico-de-rumiantes-3\/\" tabindex=\"-1\" ><div class=\"elementor-post__thumbnail\"><img loading=\"lazy\" decoding=\"async\" width=\"300\" height=\"300\" src=\"https:\/\/www.fcv.unlp.edu.ar\/wp-content\/uploads\/2026\/03\/head-black-white-cow-blue-sky-300x300.jpg\" class=\"attachment-medium size-medium wp-image-23477\" alt=\"\" srcset=\"https:\/\/www.fcv.unlp.edu.ar\/wp-content\/uploads\/2026\/03\/head-black-white-cow-blue-sky-300x300.jpg 300w, https:\/\/www.fcv.unlp.edu.ar\/wp-content\/uploads\/2026\/03\/head-black-white-cow-blue-sky-1024x1024.jpg 1024w, https:\/\/www.fcv.unlp.edu.ar\/wp-content\/uploads\/2026\/03\/head-black-white-cow-blue-sky-150x150.jpg 150w, https:\/\/www.fcv.unlp.edu.ar\/wp-content\/uploads\/2026\/03\/head-black-white-cow-blue-sky-768x768.jpg 768w, https:\/\/www.fcv.unlp.edu.ar\/wp-content\/uploads\/2026\/03\/head-black-white-cow-blue-sky-1536x1536.jpg 1536w, https:\/\/www.fcv.unlp.edu.ar\/wp-content\/uploads\/2026\/03\/head-black-white-cow-blue-sky-2048x2048.jpg 2048w\" sizes=\"(max-width: 300px) 100vw, 300px\" \/><\/div><\/a>\n\t\t\t\t<div class=\"elementor-post__badge\">Actividades de Posgrado<\/div>\n\t\t\t\t<div class=\"elementor-post__text\">\n\t\t\t\t<h3 class=\"elementor-post__title\">\n\t\t\t<a href=\"https:\/\/www.fcv.unlp.edu.ar\/index.php\/graduados\/curso-de-actualizacion-capacitacion-y-perfeccionamiento-en-diagnostico-y-manejo-parasitologico-de-rumiantes-3\/\" >\n\t\t\t\tCURSO DE ACTUALIZACI\u00d3N, CAPACITACI\u00d3N Y PERFECCIONAMIENTO EN DIAGN\u00d3STICO Y MANEJO PARASITOL\u00d3GICO DE RUMIANTES\t\t\t<\/a>\n\t\t<\/h3>\n\t\t\t\t<\/div>\n\t\t\t\t\t<\/div>\n\t\t<\/article>\n\t\t\t\t<\/div>\n\t\t\n\t\t\t\t\t\t<\/div>\n\t\t\t\t<\/div>\n\t\t\t\t<div class=\"elementor-element elementor-element-b5c96f0 elementor-widget elementor-widget-spacer\" data-id=\"b5c96f0\" data-element_type=\"widget\" data-e-type=\"widget\" data-widget_type=\"spacer.default\">\n\t\t\t\t<div class=\"elementor-widget-container\">\n\t\t\t\t\t\t\t<div class=\"elementor-spacer\">\n\t\t\t<div class=\"elementor-spacer-inner\"><\/div>\n\t\t<\/div>\n\t\t\t\t\t\t<\/div>\n\t\t\t\t<\/div>\n\t\t\t\t\t<\/div>\n\t\t<\/div>\n\t\t\t\t\t<\/div>\n\t\t<\/section>\n\t\t\t\t<\/div>\n\t\t","protected":false},"excerpt":{"rendered":"<p>En esta p\u00e1gina se publican los pliegos y licitaciones que efect\u00faa la Facultad durante el per\u00edodo de vigencia. Noticias<\/p>\n","protected":false},"author":4,"featured_media":0,"parent":0,"menu_order":0,"comment_status":"closed","ping_status":"closed","template":"","meta":{"elearning_container_layout":"tg-site-layout--default","elearning_sidebar_layout":"tg-site-layout--default","elearning_remove_content_margin":false,"elearning_sidebar":"default","elearning_transparent_header":"customizer","elearning_logo":0,"elearning_header_style":"default","elearning_menu_item_color":"","elearning_menu_item_hover_color":"","elearning_menu_item_active_color":"","elearning_menu_item_active_style":"","elearning_page_header":true,"_themeisle_gutenberg_block_has_review":false,"footnotes":""},"class_list":["post-16798","page","type-page","status-publish","hentry"],"publishpress_future_action":{"enabled":false,"date":"2026-05-07 11:24:06","action":"change-status","newStatus":"draft","terms":[],"taxonomy":"","extraData":[]},"publishpress_future_workflow_manual_trigger":{"enabledWorkflows":[]},"_links":{"self":[{"href":"https:\/\/www.fcv.unlp.edu.ar\/index.php\/wp-json\/wp\/v2\/pages\/16798","targetHints":{"allow":["GET"]}}],"collection":[{"href":"https:\/\/www.fcv.unlp.edu.ar\/index.php\/wp-json\/wp\/v2\/pages"}],"about":[{"href":"https:\/\/www.fcv.unlp.edu.ar\/index.php\/wp-json\/wp\/v2\/types\/page"}],"author":[{"embeddable":true,"href":"https:\/\/www.fcv.unlp.edu.ar\/index.php\/wp-json\/wp\/v2\/users\/4"}],"replies":[{"embeddable":true,"href":"https:\/\/www.fcv.unlp.edu.ar\/index.php\/wp-json\/wp\/v2\/comments?post=16798"}],"version-history":[{"count":10,"href":"https:\/\/www.fcv.unlp.edu.ar\/index.php\/wp-json\/wp\/v2\/pages\/16798\/revisions"}],"predecessor-version":[{"id":16826,"href":"https:\/\/www.fcv.unlp.edu.ar\/index.php\/wp-json\/wp\/v2\/pages\/16798\/revisions\/16826"}],"wp:attachment":[{"href":"https:\/\/www.fcv.unlp.edu.ar\/index.php\/wp-json\/wp\/v2\/media?parent=16798"}],"curies":[{"name":"wp","href":"https:\/\/api.w.org\/{rel}","templated":true}]}}