{"id":16370,"date":"2024-09-02T13:11:46","date_gmt":"2024-09-02T16:11:46","guid":{"rendered":"https:\/\/www.fcv.unlp.edu.ar\/?page_id=16370"},"modified":"2024-09-02T13:25:46","modified_gmt":"2024-09-02T16:25:46","slug":"concursos-de-los-departamentos","status":"publish","type":"page","link":"https:\/\/www.fcv.unlp.edu.ar\/index.php\/concursos-de-los-departamentos\/","title":{"rendered":"Concursos de los Departamentos"},"content":{"rendered":"\t\t<div data-elementor-type=\"wp-page\" data-elementor-id=\"16370\" class=\"elementor elementor-16370\" data-elementor-post-type=\"page\">\n\t\t\t\t<div class=\"elementor-element elementor-element-6e67d00 e-flex e-con-boxed e-con e-parent\" data-id=\"6e67d00\" data-element_type=\"container\" data-e-type=\"container\">\n\t\t\t\t\t<div class=\"e-con-inner\">\n\t\t\t\t\t<\/div>\n\t\t\t\t<\/div>\n\t\t<div class=\"elementor-element elementor-element-e5711e8 e-flex e-con-boxed e-con e-parent\" data-id=\"e5711e8\" data-element_type=\"container\" data-e-type=\"container\">\n\t\t\t\t\t<div class=\"e-con-inner\">\n\t\t\t\t<div class=\"elementor-element elementor-element-2d0e1be elementor-widget elementor-widget-spacer\" data-id=\"2d0e1be\" data-element_type=\"widget\" data-e-type=\"widget\" data-widget_type=\"spacer.default\">\n\t\t\t\t<div class=\"elementor-widget-container\">\n\t\t\t\t\t\t\t<div class=\"elementor-spacer\">\n\t\t\t<div class=\"elementor-spacer-inner\"><\/div>\n\t\t<\/div>\n\t\t\t\t\t\t<\/div>\n\t\t\t\t<\/div>\n\t\t\t\t\t<\/div>\n\t\t\t\t<\/div>\n\t\t\t\t<section class=\"elementor-section elementor-top-section elementor-element elementor-element-f31e03f elementor-section-full_width elementor-section-stretched elementor-section-height-default elementor-section-height-default\" data-id=\"f31e03f\" data-element_type=\"section\" data-e-type=\"section\" data-settings=\"{&quot;stretch_section&quot;:&quot;section-stretched&quot;,&quot;background_background&quot;:&quot;classic&quot;}\">\n\t\t\t\t\t\t<div class=\"elementor-container elementor-column-gap-default\">\n\t\t\t\t\t<div class=\"elementor-column elementor-col-100 elementor-top-column elementor-element elementor-element-d829f8b\" data-id=\"d829f8b\" data-element_type=\"column\" data-e-type=\"column\">\n\t\t\t<div class=\"elementor-widget-wrap elementor-element-populated\">\n\t\t\t\t\t\t<div class=\"elementor-element elementor-element-71f92eb elementor-widget__width-inherit separadorVioleta elementor-widget elementor-widget-heading\" data-id=\"71f92eb\" data-element_type=\"widget\" data-e-type=\"widget\" data-widget_type=\"heading.default\">\n\t\t\t\t<div class=\"elementor-widget-container\">\n\t\t\t\t\t<h2 class=\"elementor-heading-title elementor-size-default\">Noticias<\/h2>\t\t\t\t<\/div>\n\t\t\t\t<\/div>\n\t\t\t\t\t<\/div>\n\t\t<\/div>\n\t\t\t\t\t<\/div>\n\t\t<\/section>\n\t\t<div class=\"elementor-element elementor-element-385facb e-flex e-con-boxed e-con e-parent\" data-id=\"385facb\" data-element_type=\"container\" data-e-type=\"container\">\n\t\t\t\t\t<div class=\"e-con-inner\">\n\t\t\t\t<div class=\"elementor-element elementor-element-1ab817d elementor-widget elementor-widget-spacer\" data-id=\"1ab817d\" data-element_type=\"widget\" data-e-type=\"widget\" data-widget_type=\"spacer.default\">\n\t\t\t\t<div class=\"elementor-widget-container\">\n\t\t\t\t\t\t\t<div class=\"elementor-spacer\">\n\t\t\t<div class=\"elementor-spacer-inner\"><\/div>\n\t\t<\/div>\n\t\t\t\t\t\t<\/div>\n\t\t\t\t<\/div>\n\t\t\t\t\t<\/div>\n\t\t\t\t<\/div>\n\t\t\t\t<section class=\"elementor-section elementor-top-section elementor-element elementor-element-121f2aa elementor-section-boxed elementor-section-height-default elementor-section-height-default\" data-id=\"121f2aa\" data-element_type=\"section\" data-e-type=\"section\">\n\t\t\t\t\t\t<div class=\"elementor-container elementor-column-gap-default\">\n\t\t\t\t\t<div class=\"elementor-column elementor-col-100 elementor-top-column elementor-element elementor-element-343bbc2\" data-id=\"343bbc2\" data-element_type=\"column\" data-e-type=\"column\">\n\t\t\t<div class=\"elementor-widget-wrap elementor-element-populated\">\n\t\t\t\t\t\t<div class=\"elementor-element elementor-element-046d344 elementor-grid-4 boxNoticias elementor-grid-tablet-2 elementor-grid-mobile-1 elementor-posts--thumbnail-top elementor-card-shadow-yes elementor-posts__hover-gradient elementor-widget elementor-widget-posts\" data-id=\"046d344\" data-element_type=\"widget\" data-e-type=\"widget\" data-settings=\"{&quot;cards_columns&quot;:&quot;4&quot;,&quot;cards_row_gap&quot;:{&quot;unit&quot;:&quot;px&quot;,&quot;size&quot;:30,&quot;sizes&quot;:[]},&quot;cards_columns_tablet&quot;:&quot;2&quot;,&quot;cards_columns_mobile&quot;:&quot;1&quot;,&quot;cards_row_gap_laptop&quot;:{&quot;unit&quot;:&quot;px&quot;,&quot;size&quot;:&quot;&quot;,&quot;sizes&quot;:[]},&quot;cards_row_gap_tablet&quot;:{&quot;unit&quot;:&quot;px&quot;,&quot;size&quot;:&quot;&quot;,&quot;sizes&quot;:[]},&quot;cards_row_gap_mobile&quot;:{&quot;unit&quot;:&quot;px&quot;,&quot;size&quot;:&quot;&quot;,&quot;sizes&quot;:[]}}\" data-widget_type=\"posts.cards\">\n\t\t\t\t<div class=\"elementor-widget-container\">\n\t\t\t\t\t\t\t<div class=\"elementor-posts-container elementor-posts elementor-posts--skin-cards elementor-grid\" role=\"list\">\n\t\t\t\t<article class=\"elementor-post elementor-grid-item post-24318 post type-post status-publish format-standard has-post-thumbnail hentry category-extension tag-home\" role=\"listitem\">\n\t\t\t<div class=\"elementor-post__card\">\n\t\t\t\t<a class=\"elementor-post__thumbnail__link\" href=\"https:\/\/www.fcv.unlp.edu.ar\/index.php\/extension\/el-jardin-de-infantes-del-club-universitario-visito-la-facultad\/\" tabindex=\"-1\" ><div class=\"elementor-post__thumbnail\"><img fetchpriority=\"high\" decoding=\"async\" width=\"300\" height=\"225\" src=\"https:\/\/www.fcv.unlp.edu.ar\/wp-content\/uploads\/2026\/05\/IMG_3086-300x225.jpeg\" class=\"attachment-medium size-medium wp-image-24325\" alt=\"\" srcset=\"https:\/\/www.fcv.unlp.edu.ar\/wp-content\/uploads\/2026\/05\/IMG_3086-300x225.jpeg 300w, https:\/\/www.fcv.unlp.edu.ar\/wp-content\/uploads\/2026\/05\/IMG_3086-1024x768.jpeg 1024w, https:\/\/www.fcv.unlp.edu.ar\/wp-content\/uploads\/2026\/05\/IMG_3086-768x576.jpeg 768w, https:\/\/www.fcv.unlp.edu.ar\/wp-content\/uploads\/2026\/05\/IMG_3086-1536x1152.jpeg 1536w, https:\/\/www.fcv.unlp.edu.ar\/wp-content\/uploads\/2026\/05\/IMG_3086-2048x1536.jpeg 2048w\" sizes=\"(max-width: 300px) 100vw, 300px\" \/><\/div><\/a>\n\t\t\t\t<div class=\"elementor-post__badge\">Extensi\u00f3n<\/div>\n\t\t\t\t<div class=\"elementor-post__text\">\n\t\t\t\t<h3 class=\"elementor-post__title\">\n\t\t\t<a href=\"https:\/\/www.fcv.unlp.edu.ar\/index.php\/extension\/el-jardin-de-infantes-del-club-universitario-visito-la-facultad\/\" >\n\t\t\t\tEL JARD\u00cdN DE INFANTES DEL CLUB UNIVERSITARIO VISIT\u00d3 LA FACULTAD\t\t\t<\/a>\n\t\t<\/h3>\n\t\t\t\t<\/div>\n\t\t\t\t\t<\/div>\n\t\t<\/article>\n\t\t\t\t<article class=\"elementor-post elementor-grid-item post-24294 post type-post status-publish format-standard has-post-thumbnail hentry category-institucional tag-home\" role=\"listitem\">\n\t\t\t<div class=\"elementor-post__card\">\n\t\t\t\t<a class=\"elementor-post__thumbnail__link\" href=\"https:\/\/www.fcv.unlp.edu.ar\/index.php\/institucional\/jornada-de-salud-para-docentes-nodocentes-y-estudiantes\/\" tabindex=\"-1\" ><div class=\"elementor-post__thumbnail\"><img decoding=\"async\" width=\"300\" height=\"284\" src=\"https:\/\/www.fcv.unlp.edu.ar\/wp-content\/uploads\/2026\/05\/doctor-putting-bandage-patient-s-arm-close-up-300x284.jpg\" class=\"attachment-medium size-medium wp-image-24295\" alt=\"\" srcset=\"https:\/\/www.fcv.unlp.edu.ar\/wp-content\/uploads\/2026\/05\/doctor-putting-bandage-patient-s-arm-close-up-300x284.jpg 300w, https:\/\/www.fcv.unlp.edu.ar\/wp-content\/uploads\/2026\/05\/doctor-putting-bandage-patient-s-arm-close-up-1024x971.jpg 1024w, https:\/\/www.fcv.unlp.edu.ar\/wp-content\/uploads\/2026\/05\/doctor-putting-bandage-patient-s-arm-close-up-768x728.jpg 768w, https:\/\/www.fcv.unlp.edu.ar\/wp-content\/uploads\/2026\/05\/doctor-putting-bandage-patient-s-arm-close-up-1536x1457.jpg 1536w, https:\/\/www.fcv.unlp.edu.ar\/wp-content\/uploads\/2026\/05\/doctor-putting-bandage-patient-s-arm-close-up-2048x1942.jpg 2048w\" sizes=\"(max-width: 300px) 100vw, 300px\" \/><\/div><\/a>\n\t\t\t\t<div class=\"elementor-post__badge\">Institucional<\/div>\n\t\t\t\t<div class=\"elementor-post__text\">\n\t\t\t\t<h3 class=\"elementor-post__title\">\n\t\t\t<a href=\"https:\/\/www.fcv.unlp.edu.ar\/index.php\/institucional\/jornada-de-salud-para-docentes-nodocentes-y-estudiantes\/\" >\n\t\t\t\tJORNADA DE SALUD PARA DOCENTES, NODOCENTES Y ESTUDIANTES\t\t\t<\/a>\n\t\t<\/h3>\n\t\t\t\t<\/div>\n\t\t\t\t\t<\/div>\n\t\t<\/article>\n\t\t\t\t<article class=\"elementor-post elementor-grid-item post-24287 post type-post status-publish format-standard has-post-thumbnail hentry category-extension tag-home\" role=\"listitem\">\n\t\t\t<div class=\"elementor-post__card\">\n\t\t\t\t<a class=\"elementor-post__thumbnail__link\" href=\"https:\/\/www.fcv.unlp.edu.ar\/index.php\/extension\/comenzo-el-cuarto-ciclo-de-la-actividad-formal-de-extension-destinada-a-la-escuela-de-jockey-aprendiz-del-hipodromo-de-la-plata\/\" tabindex=\"-1\" ><div class=\"elementor-post__thumbnail\"><img decoding=\"async\" width=\"300\" height=\"174\" src=\"https:\/\/www.fcv.unlp.edu.ar\/wp-content\/uploads\/2026\/05\/WhatsApp-Image-2026-04-02-at-11.55.59-300x174.jpeg\" class=\"attachment-medium size-medium wp-image-24292\" alt=\"\" srcset=\"https:\/\/www.fcv.unlp.edu.ar\/wp-content\/uploads\/2026\/05\/WhatsApp-Image-2026-04-02-at-11.55.59-300x174.jpeg 300w, https:\/\/www.fcv.unlp.edu.ar\/wp-content\/uploads\/2026\/05\/WhatsApp-Image-2026-04-02-at-11.55.59-1024x593.jpeg 1024w, https:\/\/www.fcv.unlp.edu.ar\/wp-content\/uploads\/2026\/05\/WhatsApp-Image-2026-04-02-at-11.55.59-768x445.jpeg 768w, https:\/\/www.fcv.unlp.edu.ar\/wp-content\/uploads\/2026\/05\/WhatsApp-Image-2026-04-02-at-11.55.59.jpeg 1280w\" sizes=\"(max-width: 300px) 100vw, 300px\" \/><\/div><\/a>\n\t\t\t\t<div class=\"elementor-post__badge\">Extensi\u00f3n<\/div>\n\t\t\t\t<div class=\"elementor-post__text\">\n\t\t\t\t<h3 class=\"elementor-post__title\">\n\t\t\t<a href=\"https:\/\/www.fcv.unlp.edu.ar\/index.php\/extension\/comenzo-el-cuarto-ciclo-de-la-actividad-formal-de-extension-destinada-a-la-escuela-de-jockey-aprendiz-del-hipodromo-de-la-plata\/\" >\n\t\t\t\tCOMENZ\u00d3 EL CUARTO CICLO DE LA ACTIVIDAD FORMAL DE EXTENSI\u00d3N DESTINADA A LA ESCUELA DE JOCKEY APRENDIZ DEL HIP\u00d3DROMO DE LA PLATA\t\t\t<\/a>\n\t\t<\/h3>\n\t\t\t\t<\/div>\n\t\t\t\t\t<\/div>\n\t\t<\/article>\n\t\t\t\t<article class=\"elementor-post elementor-grid-item post-24250 post type-post status-publish format-standard has-post-thumbnail hentry category-extension tag-home\" role=\"listitem\">\n\t\t\t<div class=\"elementor-post__card\">\n\t\t\t\t<a class=\"elementor-post__thumbnail__link\" href=\"https:\/\/www.fcv.unlp.edu.ar\/index.php\/extension\/charla-seleccion-de-vazuillonas-e-introduccion-a-la-recria\/\" tabindex=\"-1\" ><div class=\"elementor-post__thumbnail\"><img loading=\"lazy\" decoding=\"async\" width=\"169\" height=\"300\" src=\"https:\/\/www.fcv.unlp.edu.ar\/wp-content\/uploads\/2026\/05\/WhatsApp-Image-2026-05-07-at-10.09.21-2-169x300.jpeg\" class=\"attachment-medium size-medium wp-image-24255\" alt=\"\" srcset=\"https:\/\/www.fcv.unlp.edu.ar\/wp-content\/uploads\/2026\/05\/WhatsApp-Image-2026-05-07-at-10.09.21-2-169x300.jpeg 169w, https:\/\/www.fcv.unlp.edu.ar\/wp-content\/uploads\/2026\/05\/WhatsApp-Image-2026-05-07-at-10.09.21-2-576x1024.jpeg 576w, https:\/\/www.fcv.unlp.edu.ar\/wp-content\/uploads\/2026\/05\/WhatsApp-Image-2026-05-07-at-10.09.21-2-768x1365.jpeg 768w, https:\/\/www.fcv.unlp.edu.ar\/wp-content\/uploads\/2026\/05\/WhatsApp-Image-2026-05-07-at-10.09.21-2-864x1536.jpeg 864w, https:\/\/www.fcv.unlp.edu.ar\/wp-content\/uploads\/2026\/05\/WhatsApp-Image-2026-05-07-at-10.09.21-2.jpeg 900w\" sizes=\"(max-width: 169px) 100vw, 169px\" \/><\/div><\/a>\n\t\t\t\t<div class=\"elementor-post__badge\">Extensi\u00f3n<\/div>\n\t\t\t\t<div class=\"elementor-post__text\">\n\t\t\t\t<h3 class=\"elementor-post__title\">\n\t\t\t<a href=\"https:\/\/www.fcv.unlp.edu.ar\/index.php\/extension\/charla-seleccion-de-vazuillonas-e-introduccion-a-la-recria\/\" >\n\t\t\t\tCHARLA \u00abSELECCI\u00d3N DE VAQUILLONAS E INTRODUCCI\u00d3N A LA RECR\u00cdA\u00bb\t\t\t<\/a>\n\t\t<\/h3>\n\t\t\t\t<\/div>\n\t\t\t\t\t<\/div>\n\t\t<\/article>\n\t\t\t\t<article class=\"elementor-post elementor-grid-item post-24197 post type-post status-publish format-standard has-post-thumbnail hentry category-doctorado-en-ciencias-veterinarias category-graduados tag-home\" role=\"listitem\">\n\t\t\t<div class=\"elementor-post__card\">\n\t\t\t\t<a class=\"elementor-post__thumbnail__link\" href=\"https:\/\/www.fcv.unlp.edu.ar\/index.php\/graduados\/defensa-de-tesis-doctoral-del-medico-veterinario-mauro-joaquin-manfredi\/\" tabindex=\"-1\" ><div class=\"elementor-post__thumbnail\"><img loading=\"lazy\" decoding=\"async\" width=\"300\" height=\"171\" src=\"https:\/\/www.fcv.unlp.edu.ar\/wp-content\/uploads\/2026\/05\/toxina-epsilon-esclerosis-multiple1-300x171.jpg\" class=\"attachment-medium size-medium wp-image-24198\" alt=\"\" srcset=\"https:\/\/www.fcv.unlp.edu.ar\/wp-content\/uploads\/2026\/05\/toxina-epsilon-esclerosis-multiple1-300x171.jpg 300w, https:\/\/www.fcv.unlp.edu.ar\/wp-content\/uploads\/2026\/05\/toxina-epsilon-esclerosis-multiple1.jpg 700w\" sizes=\"(max-width: 300px) 100vw, 300px\" \/><\/div><\/a>\n\t\t\t\t<div class=\"elementor-post__badge\">Doctorado en Ciencias Veterinarias<\/div>\n\t\t\t\t<div class=\"elementor-post__text\">\n\t\t\t\t<h3 class=\"elementor-post__title\">\n\t\t\t<a href=\"https:\/\/www.fcv.unlp.edu.ar\/index.php\/graduados\/defensa-de-tesis-doctoral-del-medico-veterinario-mauro-joaquin-manfredi\/\" >\n\t\t\t\tDEFENSA DE TESIS DOCTORAL DEL M\u00c9DICO VETERINARIO MAURO JOAQU\u00cdN MANFREDI\t\t\t<\/a>\n\t\t<\/h3>\n\t\t\t\t<\/div>\n\t\t\t\t\t<\/div>\n\t\t<\/article>\n\t\t\t\t<article class=\"elementor-post elementor-grid-item post-24146 post type-post status-publish format-standard has-post-thumbnail hentry category-aepg category-graduados tag-home\" role=\"listitem\">\n\t\t\t<div class=\"elementor-post__card\">\n\t\t\t\t<a class=\"elementor-post__thumbnail__link\" href=\"https:\/\/www.fcv.unlp.edu.ar\/index.php\/graduados\/taller-diagnostico-microscopico-serologico-y-molecular-de-hemopatogenos-en-caninos-y-felinos\/\" tabindex=\"-1\" ><div class=\"elementor-post__thumbnail\"><img loading=\"lazy\" decoding=\"async\" width=\"300\" height=\"233\" src=\"https:\/\/www.fcv.unlp.edu.ar\/wp-content\/uploads\/2026\/04\/Microfilaria-Taller-2026-300x233.jpg\" class=\"attachment-medium size-medium wp-image-24149\" alt=\"\" srcset=\"https:\/\/www.fcv.unlp.edu.ar\/wp-content\/uploads\/2026\/04\/Microfilaria-Taller-2026-300x233.jpg 300w, https:\/\/www.fcv.unlp.edu.ar\/wp-content\/uploads\/2026\/04\/Microfilaria-Taller-2026-1024x796.jpg 1024w, https:\/\/www.fcv.unlp.edu.ar\/wp-content\/uploads\/2026\/04\/Microfilaria-Taller-2026-768x597.jpg 768w, https:\/\/www.fcv.unlp.edu.ar\/wp-content\/uploads\/2026\/04\/Microfilaria-Taller-2026-1536x1194.jpg 1536w, https:\/\/www.fcv.unlp.edu.ar\/wp-content\/uploads\/2026\/04\/Microfilaria-Taller-2026-2048x1592.jpg 2048w\" sizes=\"(max-width: 300px) 100vw, 300px\" \/><\/div><\/a>\n\t\t\t\t<div class=\"elementor-post__badge\">Actividades de Posgrado<\/div>\n\t\t\t\t<div class=\"elementor-post__text\">\n\t\t\t\t<h3 class=\"elementor-post__title\">\n\t\t\t<a href=\"https:\/\/www.fcv.unlp.edu.ar\/index.php\/graduados\/taller-diagnostico-microscopico-serologico-y-molecular-de-hemopatogenos-en-caninos-y-felinos\/\" >\n\t\t\t\tTALLER \u201cDIAGN\u00d3STICO MICROSC\u00d3PICO, SEROL\u00d3GICO Y MOLECULAR DE HEMOPAT\u00d3GENOS EN CANINOS Y FELINOS\u201d\t\t\t<\/a>\n\t\t<\/h3>\n\t\t\t\t<\/div>\n\t\t\t\t\t<\/div>\n\t\t<\/article>\n\t\t\t\t<article class=\"elementor-post elementor-grid-item post-20673 post type-post status-publish format-standard has-post-thumbnail hentry category-aepg category-graduados tag-home\" role=\"listitem\">\n\t\t\t<div class=\"elementor-post__card\">\n\t\t\t\t<a class=\"elementor-post__thumbnail__link\" href=\"https:\/\/www.fcv.unlp.edu.ar\/index.php\/graduados\/taller-el-enigma-de-la-boca-del-gato-odontologia-veterinaria\/\" tabindex=\"-1\" ><div class=\"elementor-post__thumbnail\"><img loading=\"lazy\" decoding=\"async\" width=\"300\" height=\"200\" src=\"https:\/\/www.fcv.unlp.edu.ar\/wp-content\/uploads\/2025\/09\/primer-plano-de-un-lindo-gatito-domestico-bostezando-y-mostrando-sus-dientes-y-lengua-300x200.jpg\" class=\"attachment-medium size-medium wp-image-20674\" alt=\"\" srcset=\"https:\/\/www.fcv.unlp.edu.ar\/wp-content\/uploads\/2025\/09\/primer-plano-de-un-lindo-gatito-domestico-bostezando-y-mostrando-sus-dientes-y-lengua-300x200.jpg 300w, https:\/\/www.fcv.unlp.edu.ar\/wp-content\/uploads\/2025\/09\/primer-plano-de-un-lindo-gatito-domestico-bostezando-y-mostrando-sus-dientes-y-lengua-1024x683.jpg 1024w, https:\/\/www.fcv.unlp.edu.ar\/wp-content\/uploads\/2025\/09\/primer-plano-de-un-lindo-gatito-domestico-bostezando-y-mostrando-sus-dientes-y-lengua-768x512.jpg 768w, https:\/\/www.fcv.unlp.edu.ar\/wp-content\/uploads\/2025\/09\/primer-plano-de-un-lindo-gatito-domestico-bostezando-y-mostrando-sus-dientes-y-lengua-1536x1024.jpg 1536w, https:\/\/www.fcv.unlp.edu.ar\/wp-content\/uploads\/2025\/09\/primer-plano-de-un-lindo-gatito-domestico-bostezando-y-mostrando-sus-dientes-y-lengua-2048x1365.jpg 2048w\" sizes=\"(max-width: 300px) 100vw, 300px\" \/><\/div><\/a>\n\t\t\t\t<div class=\"elementor-post__badge\">Actividades de Posgrado<\/div>\n\t\t\t\t<div class=\"elementor-post__text\">\n\t\t\t\t<h3 class=\"elementor-post__title\">\n\t\t\t<a href=\"https:\/\/www.fcv.unlp.edu.ar\/index.php\/graduados\/taller-el-enigma-de-la-boca-del-gato-odontologia-veterinaria\/\" >\n\t\t\t\tTALLER \u00abEL ENIGMA EN LA BOCA DE LOS GATOS\u00bb\t\t\t<\/a>\n\t\t<\/h3>\n\t\t\t\t<\/div>\n\t\t\t\t\t<\/div>\n\t\t<\/article>\n\t\t\t\t<article class=\"elementor-post elementor-grid-item post-23949 post type-post status-publish format-standard has-post-thumbnail hentry category-aepg category-graduados tag-home\" role=\"listitem\">\n\t\t\t<div class=\"elementor-post__card\">\n\t\t\t\t<a class=\"elementor-post__thumbnail__link\" href=\"https:\/\/www.fcv.unlp.edu.ar\/index.php\/graduados\/curso-de-posgrado-cuidado-y-uso-de-animales-de-experimentacion\/\" tabindex=\"-1\" ><div class=\"elementor-post__thumbnail\"><img loading=\"lazy\" decoding=\"async\" width=\"300\" height=\"170\" src=\"https:\/\/www.fcv.unlp.edu.ar\/wp-content\/uploads\/2024\/06\/primer-plano-rata-sostenida-mano-cientifico_23-2150760588-300x170.jpg\" class=\"attachment-medium size-medium wp-image-13560\" alt=\"\" srcset=\"https:\/\/www.fcv.unlp.edu.ar\/wp-content\/uploads\/2024\/06\/primer-plano-rata-sostenida-mano-cientifico_23-2150760588-300x170.jpg 300w, https:\/\/www.fcv.unlp.edu.ar\/wp-content\/uploads\/2024\/06\/primer-plano-rata-sostenida-mano-cientifico_23-2150760588-1024x580.jpg 1024w, https:\/\/www.fcv.unlp.edu.ar\/wp-content\/uploads\/2024\/06\/primer-plano-rata-sostenida-mano-cientifico_23-2150760588-768x435.jpg 768w, https:\/\/www.fcv.unlp.edu.ar\/wp-content\/uploads\/2024\/06\/primer-plano-rata-sostenida-mano-cientifico_23-2150760588.jpg 1380w\" sizes=\"(max-width: 300px) 100vw, 300px\" \/><\/div><\/a>\n\t\t\t\t<div class=\"elementor-post__badge\">Actividades de Posgrado<\/div>\n\t\t\t\t<div class=\"elementor-post__text\">\n\t\t\t\t<h3 class=\"elementor-post__title\">\n\t\t\t<a href=\"https:\/\/www.fcv.unlp.edu.ar\/index.php\/graduados\/curso-de-posgrado-cuidado-y-uso-de-animales-de-experimentacion\/\" >\n\t\t\t\tCURSO DE POSGRADO \u00abCUIDADO Y USO DE ANIMALES DE EXPERIMENTACI\u00d3N\u00bb\t\t\t<\/a>\n\t\t<\/h3>\n\t\t\t\t<\/div>\n\t\t\t\t\t<\/div>\n\t\t<\/article>\n\t\t\t\t<\/div>\n\t\t\n\t\t\t\t\t\t<\/div>\n\t\t\t\t<\/div>\n\t\t\t\t<div class=\"elementor-element elementor-element-b5c96f0 elementor-widget elementor-widget-spacer\" data-id=\"b5c96f0\" data-element_type=\"widget\" data-e-type=\"widget\" data-widget_type=\"spacer.default\">\n\t\t\t\t<div class=\"elementor-widget-container\">\n\t\t\t\t\t\t\t<div class=\"elementor-spacer\">\n\t\t\t<div class=\"elementor-spacer-inner\"><\/div>\n\t\t<\/div>\n\t\t\t\t\t\t<\/div>\n\t\t\t\t<\/div>\n\t\t\t\t\t<\/div>\n\t\t<\/div>\n\t\t\t\t\t<\/div>\n\t\t<\/section>\n\t\t\t\t<\/div>\n\t\t","protected":false},"excerpt":{"rendered":"<p>Noticias<\/p>\n","protected":false},"author":4,"featured_media":0,"parent":0,"menu_order":0,"comment_status":"closed","ping_status":"closed","template":"","meta":{"elearning_container_layout":"tg-site-layout--default","elearning_sidebar_layout":"tg-site-layout--default","elearning_remove_content_margin":false,"elearning_sidebar":"default","elearning_transparent_header":"customizer","elearning_logo":0,"elearning_header_style":"default","elearning_menu_item_color":"","elearning_menu_item_hover_color":"","elearning_menu_item_active_color":"","elearning_menu_item_active_style":"","elearning_page_header":true,"_themeisle_gutenberg_block_has_review":false,"footnotes":""},"class_list":["post-16370","page","type-page","status-publish","hentry"],"publishpress_future_action":{"enabled":false,"date":"2026-05-21 00:01:42","action":"change-status","newStatus":"draft","terms":[],"taxonomy":"","extraData":[]},"publishpress_future_workflow_manual_trigger":{"enabledWorkflows":[]},"_links":{"self":[{"href":"https:\/\/www.fcv.unlp.edu.ar\/index.php\/wp-json\/wp\/v2\/pages\/16370","targetHints":{"allow":["GET"]}}],"collection":[{"href":"https:\/\/www.fcv.unlp.edu.ar\/index.php\/wp-json\/wp\/v2\/pages"}],"about":[{"href":"https:\/\/www.fcv.unlp.edu.ar\/index.php\/wp-json\/wp\/v2\/types\/page"}],"author":[{"embeddable":true,"href":"https:\/\/www.fcv.unlp.edu.ar\/index.php\/wp-json\/wp\/v2\/users\/4"}],"replies":[{"embeddable":true,"href":"https:\/\/www.fcv.unlp.edu.ar\/index.php\/wp-json\/wp\/v2\/comments?post=16370"}],"version-history":[{"count":7,"href":"https:\/\/www.fcv.unlp.edu.ar\/index.php\/wp-json\/wp\/v2\/pages\/16370\/revisions"}],"predecessor-version":[{"id":16389,"href":"https:\/\/www.fcv.unlp.edu.ar\/index.php\/wp-json\/wp\/v2\/pages\/16370\/revisions\/16389"}],"wp:attachment":[{"href":"https:\/\/www.fcv.unlp.edu.ar\/index.php\/wp-json\/wp\/v2\/media?parent=16370"}],"curies":[{"name":"wp","href":"https:\/\/api.w.org\/{rel}","templated":true}]}}